{"id":51,"date":"2022-01-26T13:31:58","date_gmt":"2022-01-26T12:31:58","guid":{"rendered":"https:\/\/movement.wordifysites.com\/?page_id=51"},"modified":"2022-10-09T10:43:54","modified_gmt":"2022-10-09T08:43:54","slug":"kontakt-anfahrt","status":"publish","type":"page","link":"https:\/\/www.speranta.at\/de\/kontakt-anfahrt\/","title":{"rendered":"Kontakt und Anfahrt"},"content":{"rendered":"<div class=\"gb-container gb-container-8c78d1c3\"><div class=\"gb-inside-container\">\n\n<h6 class=\"gb-headline gb-headline-15bd6010 gb-headline-text\">Schreib uns einfach!<\/h6>\n\n\n\n<h1 class=\"gb-headline gb-headline-7bee114d gb-headline-text\">Kontakt &amp; Anfahrt<\/h1>\n\n\n\n<p class=\"gb-headline gb-headline-3d7fc892 gb-headline-text\">Ob \u00fcber unser Formular oder E-Mail wir sind f\u00fcr dich da! <br>Du kannst uns auch gerne jederzeit w\u00e4hrend der <a href=\"\/#gottesdienste\" data-type=\"URL\" data-id=\"\/#gottesdienste\">Gottesdienste<\/a> besuchen!<\/p>\n\n\n<div class=\"gb-container gb-container-2fc1e73d\"><div class=\"gb-inside-container\">\n<div class=\"wpforms-container wpforms-container-full wpforms-block\" id=\"wpforms-1091\"><form id=\"wpforms-form-1091\" class=\"wpforms-validate wpforms-form wpforms-ajax-form\" data-formid=\"1091\" method=\"post\" enctype=\"multipart\/form-data\" action=\"\/de\/wp-json\/wp\/v2\/pages\/51\" data-token=\"e78549826bf514e2b1f87ed94010ebc9\" data-token-time=\"1778751811\"><noscript class=\"wpforms-error-noscript\">Bitte aktiviere JavaScript in deinem Browser, um dieses Formular fertigzustellen.<\/noscript><div class=\"wpforms-field-container\"><div id=\"wpforms-1091-field_0-container\" class=\"wpforms-field wpforms-field-name\" data-field-id=\"0\"><label class=\"wpforms-field-label\" for=\"wpforms-1091-field_0\">Name <span class=\"wpforms-required-label\">*<\/span><\/label><div class=\"wpforms-field-row wpforms-field-large\"><div class=\"wpforms-field-row-block wpforms-first wpforms-one-half\"><input type=\"text\" id=\"wpforms-1091-field_0\" class=\"wpforms-field-name-first wpforms-field-required\" name=\"wpforms[fields][0][first]\" required><label for=\"wpforms-1091-field_0\" class=\"wpforms-field-sublabel after wpforms-sublabel-hide\">Vorname<\/label><\/div><div class=\"wpforms-field-row-block wpforms-one-half\"><input type=\"text\" id=\"wpforms-1091-field_0-last\" class=\"wpforms-field-name-last wpforms-field-required\" name=\"wpforms[fields][0][last]\" required><label for=\"wpforms-1091-field_0-last\" class=\"wpforms-field-sublabel after wpforms-sublabel-hide\">Nachname<\/label><\/div><\/div><\/div><div id=\"wpforms-1091-field_1-container\" class=\"wpforms-field wpforms-field-email\" data-field-id=\"1\"><label class=\"wpforms-field-label\" for=\"wpforms-1091-field_1\">E-Mail <span class=\"wpforms-required-label\">*<\/span><\/label><input type=\"email\" id=\"wpforms-1091-field_1\" class=\"wpforms-field-large wpforms-field-required\" name=\"wpforms[fields][1]\" spellcheck=\"false\" required><\/div><div id=\"wpforms-1091-field_4-container\" class=\"wpforms-field wpforms-field-text\" data-field-id=\"4\"><label class=\"wpforms-field-label\" for=\"wpforms-1091-field_4\">Telefon<\/label><input type=\"text\" id=\"wpforms-1091-field_4\" class=\"wpforms-field-large\" name=\"wpforms[fields][4]\" ><\/div><div id=\"wpforms-1091-field_2-container\" class=\"wpforms-field wpforms-field-textarea\" data-field-id=\"2\"><label class=\"wpforms-field-label\" for=\"wpforms-1091-field_2\">Nachricht<\/label><textarea id=\"wpforms-1091-field_2\" class=\"wpforms-field-medium\" name=\"wpforms[fields][2]\" ><\/textarea><\/div><\/div><!-- .wpforms-field-container --><div class=\"wpforms-recaptcha-container wpforms-is-recaptcha wpforms-is-recaptcha-type-v3\" ><input type=\"hidden\" name=\"wpforms[recaptcha]\" value=\"\"><\/div><div class=\"wpforms-submit-container\" ><input type=\"hidden\" name=\"wpforms[id]\" value=\"1091\"><input type=\"hidden\" name=\"page_title\" value=\"\"><input type=\"hidden\" name=\"page_url\" value=\"https:\/\/www.speranta.at\/de\/wp-json\/wp\/v2\/pages\/51\"><input type=\"hidden\" name=\"url_referer\" value=\"\"><button type=\"submit\" name=\"wpforms[submit]\" id=\"wpforms-submit-1091\" class=\"wpforms-submit\" data-alt-text=\"Senden\u2026\" data-submit-text=\"Absenden\" aria-live=\"assertive\" value=\"wpforms-submit\">Absenden<\/button><img decoding=\"async\" data-src=\"https:\/\/www.speranta.at\/wp-content\/plugins\/wpforms-lite\/assets\/images\/submit-spin.svg\" class=\"wpforms-submit-spinner lazyload\" style=\"--smush-placeholder-width: 26px; --smush-placeholder-aspect-ratio: 26\/26;display: none;\" width=\"26\" height=\"26\" alt=\"Wird geladen\" src=\"data:image\/svg+xml;base64,PHN2ZyB3aWR0aD0iMSIgaGVpZ2h0PSIxIiB4bWxucz0iaHR0cDovL3d3dy53My5vcmcvMjAwMC9zdmciPjwvc3ZnPg==\"><\/div><\/form><\/div>  <!-- .wpforms-container -->\n<\/div><\/div>\n\n<div class=\"gb-grid-wrapper gb-grid-wrapper-d4c6ae18\">\n<div class=\"gb-grid-column gb-grid-column-d5f96424\"><div class=\"gb-container gb-container-d5f96424\"><div class=\"gb-inside-container\">\n\n<h3 class=\"gb-headline gb-headline-b8200b92\"><span class=\"gb-icon\"><svg aria-hidden=\"true\" role=\"img\" height=\"1em\" width=\"1em\" viewBox=\"0 0 384 512\" xmlns=\"http:\/\/www.w3.org\/2000\/svg\"><path fill=\"currentColor\" d=\"M172.268 501.67C26.97 291.031 0 269.413 0 192 0 85.961 85.961 0 192 0s192 85.961 192 192c0 77.413-26.97 99.031-172.268 309.67-9.535 13.774-29.93 13.773-39.464 0zM192 272c44.183 0 80-35.817 80-80s-35.817-80-80-80-80 35.817-80 80 35.817 80 80 80z\"><\/path><\/svg><\/span><span class=\"gb-headline-text\">Adresse<\/span><\/h3>\n\n\n\n<p class=\"gb-headline gb-headline-b3a1c009 gb-headline-text\">Dauphinestra\u00dfe 51<\/p>\n\n\n\n<p class=\"gb-headline gb-headline-ceca9d6f gb-headline-text\">4030 Linz<\/p>\n\n<\/div><\/div><\/div>\n\n<div class=\"gb-grid-column gb-grid-column-e153d150\"><div class=\"gb-container gb-container-e153d150\"><div class=\"gb-inside-container\">\n\n<h3 class=\"gb-headline gb-headline-85fb99d5\"><span class=\"gb-icon\"><svg aria-hidden=\"true\" role=\"img\" height=\"1em\" width=\"1em\" viewBox=\"0 0 512 512\" xmlns=\"http:\/\/www.w3.org\/2000\/svg\"><path fill=\"currentColor\" d=\"M464 64H48C21.49 64 0 85.49 0 112v288c0 26.51 21.49 48 48 48h416c26.51 0 48-21.49 48-48V112c0-26.51-21.49-48-48-48zm0 48v40.805c-22.422 18.259-58.168 46.651-134.587 106.49-16.841 13.247-50.201 45.072-73.413 44.701-23.208.375-56.579-31.459-73.413-44.701C106.18 199.465 70.425 171.067 48 152.805V112h416zM48 400V214.398c22.914 18.251 55.409 43.862 104.938 82.646 21.857 17.205 60.134 55.186 103.062 54.955 42.717.231 80.509-37.199 103.053-54.947 49.528-38.783 82.032-64.401 104.947-82.653V400H48z\"><\/path><\/svg><\/span><span class=\"gb-headline-text\">E-Mail<\/span><\/h3>\n\n\n\n<p class=\"gb-headline gb-headline-2b25632a gb-headline-text\"><a href=\"mailto:office@speranta.at\" data-type=\"mailto\" data-id=\"mailto:office@speranta.at\">office@speranta.at<\/a><\/p>\n\n<\/div><\/div><\/div>\n<\/div>\n<\/div><\/div>\n\n<div class=\"gb-container gb-container-50335e51 contact-map\"><div class=\"gb-inside-container\">\n\n<iframe src=\"https:\/\/www.google.com\/maps\/embed?pb=!1m14!1m8!1m3!1d1328.285737723742!2d14.307546!3d48.253376!3m2!1i1024!2i768!4f13.1!3m3!1m2!1s0x0%3A0x124142606267e39b!2sHoffnungskirche%20-%20Speranta%20Linz!5e0!3m2!1sde!2sus!4v1664383923192!5m2!1sde!2sus\" width=\"100%\" height=\"480\" style=\"border:0;\" allowfullscreen=\"\" loading=\"lazy\" referrerpolicy=\"no-referrer-when-downgrade\"><\/iframe>\n\n<\/div><\/div>\n\n\n<p><\/p>\n","protected":false},"excerpt":{"rendered":"<p>Schreib uns einfach! Kontakt &amp; Anfahrt Ob \u00fcber unser Formular oder E-Mail wir sind f\u00fcr &#8230; <a title=\"Kontakt und Anfahrt\" class=\"read-more\" href=\"https:\/\/www.speranta.at\/de\/kontakt-anfahrt\/\" aria-label=\"Mehr Informationen \u00fcber Kontakt und Anfahrt\">Weiterlesen &#8230;<\/a><\/p>\n","protected":false},"author":1,"featured_media":0,"parent":0,"menu_order":0,"comment_status":"closed","ping_status":"closed","template":"","meta":{"inline_featured_image":false,"footnotes":""},"class_list":["post-51","page","type-page","status-publish"],"yoast_head":"<!-- This site is optimized with the Yoast SEO plugin v25.6 - https:\/\/yoast.com\/wordpress\/plugins\/seo\/ -->\n<title>Kontakt und Anfahrt - Hoffnungskirche Speran\u021ba Linz<\/title>\n<meta name=\"robots\" content=\"index, follow, max-snippet:-1, max-image-preview:large, max-video-preview:-1\" \/>\n<link rel=\"canonical\" href=\"https:\/\/www.speranta.at\/de\/kontakt-anfahrt\/\" \/>\n<meta property=\"og:locale\" content=\"de_DE\" \/>\n<meta property=\"og:type\" content=\"article\" \/>\n<meta property=\"og:title\" content=\"Kontakt und Anfahrt - Hoffnungskirche Speran\u021ba Linz\" \/>\n<meta property=\"og:description\" content=\"Schreib uns einfach! Kontakt &amp; Anfahrt Ob \u00fcber unser Formular oder E-Mail wir sind f\u00fcr ... Weiterlesen ...\" \/>\n<meta property=\"og:url\" content=\"https:\/\/www.speranta.at\/de\/kontakt-anfahrt\/\" \/>\n<meta property=\"og:site_name\" content=\"Hoffnungskirche Speran\u021ba Linz\" \/>\n<meta property=\"article:publisher\" content=\"https:\/\/www.facebook.com\/sperantalinz\" \/>\n<meta property=\"article:modified_time\" content=\"2022-10-09T08:43:54+00:00\" \/>\n<meta property=\"og:image\" content=\"https:\/\/www.speranta.at\/wp-content\/uploads\/2023\/01\/opengraph_speranta.png\" \/>\n\t<meta property=\"og:image:width\" content=\"1200\" \/>\n\t<meta property=\"og:image:height\" content=\"630\" \/>\n\t<meta property=\"og:image:type\" content=\"image\/png\" \/>\n<meta name=\"twitter:card\" content=\"summary_large_image\" \/>\n<script type=\"application\/ld+json\" class=\"yoast-schema-graph\">{\"@context\":\"https:\/\/schema.org\",\"@graph\":[{\"@type\":\"WebPage\",\"@id\":\"https:\/\/www.speranta.at\/de\/kontakt-anfahrt\/\",\"url\":\"https:\/\/www.speranta.at\/de\/kontakt-anfahrt\/\",\"name\":\"Kontakt und Anfahrt - Hoffnungskirche Speran\u021ba Linz\",\"isPartOf\":{\"@id\":\"https:\/\/www.speranta.at\/de\/#website\"},\"datePublished\":\"2022-01-26T12:31:58+00:00\",\"dateModified\":\"2022-10-09T08:43:54+00:00\",\"breadcrumb\":{\"@id\":\"https:\/\/www.speranta.at\/de\/kontakt-anfahrt\/#breadcrumb\"},\"inLanguage\":\"de\",\"potentialAction\":[{\"@type\":\"ReadAction\",\"target\":[\"https:\/\/www.speranta.at\/de\/kontakt-anfahrt\/\"]}]},{\"@type\":\"BreadcrumbList\",\"@id\":\"https:\/\/www.speranta.at\/de\/kontakt-anfahrt\/#breadcrumb\",\"itemListElement\":[{\"@type\":\"ListItem\",\"position\":1,\"name\":\"Startseite\",\"item\":\"https:\/\/www.speranta.at\/de\/\"},{\"@type\":\"ListItem\",\"position\":2,\"name\":\"Kontakt und Anfahrt\"}]},{\"@type\":\"WebSite\",\"@id\":\"https:\/\/www.speranta.at\/de\/#website\",\"url\":\"https:\/\/www.speranta.at\/de\/\",\"name\":\"Hoffnungskirche Speran\u021ba Linz\",\"description\":\"\",\"publisher\":{\"@id\":\"https:\/\/www.speranta.at\/de\/#organization\"},\"potentialAction\":[{\"@type\":\"SearchAction\",\"target\":{\"@type\":\"EntryPoint\",\"urlTemplate\":\"https:\/\/www.speranta.at\/de\/?s={search_term_string}\"},\"query-input\":{\"@type\":\"PropertyValueSpecification\",\"valueRequired\":true,\"valueName\":\"search_term_string\"}}],\"inLanguage\":\"de\"},{\"@type\":\"Organization\",\"@id\":\"https:\/\/www.speranta.at\/de\/#organization\",\"name\":\"Hoffnungskirche Speran\u021ba Linz\",\"url\":\"https:\/\/www.speranta.at\/de\/\",\"logo\":{\"@type\":\"ImageObject\",\"inLanguage\":\"de\",\"@id\":\"https:\/\/www.speranta.at\/de\/#\/schema\/logo\/image\/\",\"url\":\"https:\/\/www.speranta.at\/wp-content\/uploads\/2024\/11\/cropped-Logo_HK.png\",\"contentUrl\":\"https:\/\/www.speranta.at\/wp-content\/uploads\/2024\/11\/cropped-Logo_HK.png\",\"width\":885,\"height\":177,\"caption\":\"Hoffnungskirche Speran\u021ba Linz\"},\"image\":{\"@id\":\"https:\/\/www.speranta.at\/de\/#\/schema\/logo\/image\/\"},\"sameAs\":[\"https:\/\/www.facebook.com\/sperantalinz\",\"https:\/\/www.instagram.com\/hopeyouthlinz\/\",\"https:\/\/www.youtube.com\/channel\/UCt2jwqlheXgJTgJpQH-vAEA\"]}]}<\/script>\n<!-- \/ Yoast SEO plugin. -->","yoast_head_json":{"title":"Kontakt und Anfahrt - Hoffnungskirche Speran\u021ba Linz","robots":{"index":"index","follow":"follow","max-snippet":"max-snippet:-1","max-image-preview":"max-image-preview:large","max-video-preview":"max-video-preview:-1"},"canonical":"https:\/\/www.speranta.at\/de\/kontakt-anfahrt\/","og_locale":"de_DE","og_type":"article","og_title":"Kontakt und Anfahrt - Hoffnungskirche Speran\u021ba Linz","og_description":"Schreib uns einfach! Kontakt &amp; Anfahrt Ob \u00fcber unser Formular oder E-Mail wir sind f\u00fcr ... Weiterlesen ...","og_url":"https:\/\/www.speranta.at\/de\/kontakt-anfahrt\/","og_site_name":"Hoffnungskirche Speran\u021ba Linz","article_publisher":"https:\/\/www.facebook.com\/sperantalinz","article_modified_time":"2022-10-09T08:43:54+00:00","og_image":[{"width":1200,"height":630,"url":"https:\/\/www.speranta.at\/wp-content\/uploads\/2023\/01\/opengraph_speranta.png","type":"image\/png"}],"twitter_card":"summary_large_image","schema":{"@context":"https:\/\/schema.org","@graph":[{"@type":"WebPage","@id":"https:\/\/www.speranta.at\/de\/kontakt-anfahrt\/","url":"https:\/\/www.speranta.at\/de\/kontakt-anfahrt\/","name":"Kontakt und Anfahrt - Hoffnungskirche Speran\u021ba Linz","isPartOf":{"@id":"https:\/\/www.speranta.at\/de\/#website"},"datePublished":"2022-01-26T12:31:58+00:00","dateModified":"2022-10-09T08:43:54+00:00","breadcrumb":{"@id":"https:\/\/www.speranta.at\/de\/kontakt-anfahrt\/#breadcrumb"},"inLanguage":"de","potentialAction":[{"@type":"ReadAction","target":["https:\/\/www.speranta.at\/de\/kontakt-anfahrt\/"]}]},{"@type":"BreadcrumbList","@id":"https:\/\/www.speranta.at\/de\/kontakt-anfahrt\/#breadcrumb","itemListElement":[{"@type":"ListItem","position":1,"name":"Startseite","item":"https:\/\/www.speranta.at\/de\/"},{"@type":"ListItem","position":2,"name":"Kontakt und Anfahrt"}]},{"@type":"WebSite","@id":"https:\/\/www.speranta.at\/de\/#website","url":"https:\/\/www.speranta.at\/de\/","name":"Hoffnungskirche Speran\u021ba Linz","description":"","publisher":{"@id":"https:\/\/www.speranta.at\/de\/#organization"},"potentialAction":[{"@type":"SearchAction","target":{"@type":"EntryPoint","urlTemplate":"https:\/\/www.speranta.at\/de\/?s={search_term_string}"},"query-input":{"@type":"PropertyValueSpecification","valueRequired":true,"valueName":"search_term_string"}}],"inLanguage":"de"},{"@type":"Organization","@id":"https:\/\/www.speranta.at\/de\/#organization","name":"Hoffnungskirche Speran\u021ba Linz","url":"https:\/\/www.speranta.at\/de\/","logo":{"@type":"ImageObject","inLanguage":"de","@id":"https:\/\/www.speranta.at\/de\/#\/schema\/logo\/image\/","url":"https:\/\/www.speranta.at\/wp-content\/uploads\/2024\/11\/cropped-Logo_HK.png","contentUrl":"https:\/\/www.speranta.at\/wp-content\/uploads\/2024\/11\/cropped-Logo_HK.png","width":885,"height":177,"caption":"Hoffnungskirche Speran\u021ba Linz"},"image":{"@id":"https:\/\/www.speranta.at\/de\/#\/schema\/logo\/image\/"},"sameAs":["https:\/\/www.facebook.com\/sperantalinz","https:\/\/www.instagram.com\/hopeyouthlinz\/","https:\/\/www.youtube.com\/channel\/UCt2jwqlheXgJTgJpQH-vAEA"]}]}},"_links":{"self":[{"href":"https:\/\/www.speranta.at\/de\/wp-json\/wp\/v2\/pages\/51"}],"collection":[{"href":"https:\/\/www.speranta.at\/de\/wp-json\/wp\/v2\/pages"}],"about":[{"href":"https:\/\/www.speranta.at\/de\/wp-json\/wp\/v2\/types\/page"}],"author":[{"embeddable":true,"href":"https:\/\/www.speranta.at\/de\/wp-json\/wp\/v2\/users\/1"}],"replies":[{"embeddable":true,"href":"https:\/\/www.speranta.at\/de\/wp-json\/wp\/v2\/comments?post=51"}],"version-history":[{"count":0,"href":"https:\/\/www.speranta.at\/de\/wp-json\/wp\/v2\/pages\/51\/revisions"}],"wp:attachment":[{"href":"https:\/\/www.speranta.at\/de\/wp-json\/wp\/v2\/media?parent=51"}],"curies":[{"name":"wp","href":"https:\/\/api.w.org\/{rel}","templated":true}]}}