{"id":45,"date":"2022-01-26T13:31:10","date_gmt":"2022-01-26T13:31:10","guid":{"rendered":"https:\/\/movement.wordifysites.com\/?page_id=45"},"modified":"2023-01-08T11:17:49","modified_gmt":"2023-01-08T10:17:49","slug":"ueber-uns","status":"publish","type":"page","link":"https:\/\/www.speranta.at\/de\/ueber-uns\/","title":{"rendered":"\u00dcber uns"},"content":{"rendered":"<div class=\"gb-container gb-container-2fcf1e9b\"><div class=\"gb-inside-container\">\n<div class=\"gb-grid-wrapper gb-grid-wrapper-786b4b59\">\n<div class=\"gb-grid-column gb-grid-column-e526b0f2\"><div class=\"gb-container gb-container-e526b0f2\"><div class=\"gb-inside-container\">\n<div class=\"gb-container gb-container-2adcd5b1\"><div class=\"gb-inside-container\"><\/div><\/div>\n\n<div class=\"gb-container gb-container-ccc52966 bg-contrast-2-blurred\"><div class=\"gb-inside-container\">\n\n<p class=\"gb-headline gb-headline-ab5e795e\"><span class=\"gb-icon\"><svg viewBox=\"0 0 15 15\" xmlns=\"http:\/\/www.w3.org\/2000\/svg\"><path d=\"M2.5 1A1.5 1.5 0 0 0 1 2.5V10a4 4 0 0 0 4 4v-1a3 3 0 0 1-3-3V7h3.5A1.5 1.5 0 0 0 7 5.5v-3A1.5 1.5 0 0 0 5.5 1h-3ZM9.5 1A1.5 1.5 0 0 0 8 2.5V10a4 4 0 0 0 4 4v-1a3 3 0 0 1-3-3V7h3.5A1.5 1.5 0 0 0 14 5.5v-3A1.5 1.5 0 0 0 12.5 1h-3Z\"><\/path><\/svg><\/span><span class=\"gb-headline-text\">Helft denen zurecht, die leichtsinnig in den Tag hineinleben. Tr\u00f6stet die Verzagten, helft den Schwachen und bringt f\u00fcr jeden Menschen Geduld und Nachsicht auf.<\/span><\/p>\n\n\n\n<p class=\"gb-headline gb-headline-93566dd7 gb-headline-text\"><em><em>1. Thessalonicher 5,14<\/em><\/em><\/p>\n\n<\/div><\/div>\n<\/div><\/div><\/div>\n\n<div class=\"gb-grid-column gb-grid-column-45d2d773\"><div class=\"gb-container gb-container-45d2d773\"><div class=\"gb-inside-container\">\n\n<h6 class=\"gb-headline gb-headline-f462ba69 gb-headline-text\">Wer wir sind<\/h6>\n\n\n\n<h1 class=\"gb-headline gb-headline-fd0beabf gb-headline-text\">\u00dcber uns<\/h1>\n\n\n\n<p class=\"gb-headline gb-headline-2d33e63b gb-headline-text\">Du willst mehr \u00fcber uns lernen? Hier erz\u00e4hlen wir dir <a href=\"#geschichte\" data-type=\"internal\" data-id=\"#geschichte\">wie unsere Gemeinde zu Stande kam<\/a>, was <a href=\"#credo\" data-type=\"internal\" data-id=\"#credo\">unser Credo<\/a> ist und welche <a href=\"#vision\">Vision<\/a> wir verfolgen.<\/p>\n\n<\/div><\/div><\/div>\n<\/div>\n<\/div><\/div>\n\n<div class=\"gb-container gb-container-4fff0528\" id=\"geschichte\"><div class=\"gb-inside-container\">\n<div class=\"gb-grid-wrapper gb-grid-wrapper-17a69d59\">\n<div class=\"gb-grid-column gb-grid-column-a74e8b85\"><div class=\"gb-container gb-container-a74e8b85\"><div class=\"gb-inside-container\">\n\n<div class=\"gb-headline gb-headline-9bcf004d\"><span class=\"gb-icon\"><svg aria-hidden=\"true\" role=\"img\" height=\"1em\" width=\"1em\" viewBox=\"0 0 496 512\" xmlns=\"http:\/\/www.w3.org\/2000\/svg\"><path fill=\"currentColor\" d=\"M248 8C111 8 0 119 0 256s111 248 248 248 248-111 248-248S385 8 248 8zm0 96c48.6 0 88 39.4 88 88s-39.4 88-88 88-88-39.4-88-88 39.4-88 88-88zm0 344c-58.7 0-111.3-26.6-146.5-68.2 18.8-35.4 55.6-59.8 98.5-59.8 2.4 0 4.8.4 7.1 1.1 13 4.2 26.6 6.9 40.9 6.9 14.3 0 28-2.7 40.9-6.9 2.3-.7 4.7-1.1 7.1-1.1 42.9 0 79.7 24.4 98.5 59.8C359.3 421.4 306.7 448 248 448z\"><\/path><\/svg><\/span><span class=\"gb-headline-text\">Von der Entstehung bis zur Gegenwart<\/span><\/div>\n\n\n\n<h2 class=\"gb-headline gb-headline-0a92ad16 gb-headline-text\">Unsere Geschichte<\/h2>\n\n\n\n<p>Hoffnungskirche Speran\u021ba Linz entstand aus dem Bed\u00fcrfnis nach einer Gemeine f\u00fcr die rum\u00e4nischen Pfingstler, die sich in der Stadt Linz und Umgebung niederlie\u00dfen. Der erste Gottesdienst fand 1989 in den R\u00e4umen der \u00d6sterreichischen Pfingstgemeinde unter der Leitung von Pfarrer Bartl in Linz-Urfahr, Freist\u00e4dterstra\u00dfe statt, an dem die Gl\u00e4ubigen und Pfarrer Moise Gaode teilnahmen.<\/p>\n\n\n\n<p>1992 erhielt die Kirche die M\u00f6glichkeit, die R\u00e4umlichkeiten der \u00d6sterreichischen Christlichen Kirche in der Reuchlinstra\u00dfe Nr. 32 aus Linz. Sp\u00e4ter, im Jahr 1995, gelang es der Hoffnungskirche Speran\u021ba Linz mit Gottes Hilfe, R\u00e4umlichkeiten in der Walterstra\u00dfe Nr. 11 in Linz anzumieten, in denen bis Juni 2011 Gottesdienste abgehalten wurden.<\/p>\n\n\n\n<p>Unsere Kirche hatte 2006 eine Vision ein Gotteshaus zu bauen. Unser Bruder Doru Mircea wurde 2007 Pastor der Kirche.<\/p>\n\n\n\n<p>2008 begann mit Gottes Hilfe der Bau dieses Geb\u00e4udes und am 9. Juni 2011 wurde die Hoffnungskirche Speran\u021ba Linz in der Dauphinestra\u00dfe 51, 4030 Linz offiziell er\u00f6ffnet.<\/p>\n\n\n\n<p>Gottes Wirken in der Gemeinde war \u00fcber die Jahre sp\u00fcrbar. Wir genie\u00dfen die Gegenwart und den Segen Gottes durch den Heiligen Geist.<\/p>\n\n<\/div><\/div><\/div>\n\n<div class=\"gb-grid-column gb-grid-column-81ca453d\"><div class=\"gb-container gb-container-81ca453d\"><div class=\"gb-inside-container\">\n\n<figure class=\"wp-block-image size-full is-style-default\"><img decoding=\"async\" width=\"1024\" height=\"732\" data-src=\"https:\/\/www.speranta.at\/wp-content\/uploads\/2022\/09\/speranta-adresse.jpg\" alt=\"\" class=\"wp-image-926 lazyload\" data-srcset=\"https:\/\/www.speranta.at\/wp-content\/uploads\/2022\/09\/speranta-adresse.jpg 1024w, https:\/\/www.speranta.at\/wp-content\/uploads\/2022\/09\/speranta-adresse-300x214.jpg 300w, https:\/\/www.speranta.at\/wp-content\/uploads\/2022\/09\/speranta-adresse-768x549.jpg 768w\" data-sizes=\"(max-width: 1024px) 100vw, 1024px\" src=\"data:image\/svg+xml;base64,PHN2ZyB3aWR0aD0iMSIgaGVpZ2h0PSIxIiB4bWxucz0iaHR0cDovL3d3dy53My5vcmcvMjAwMC9zdmciPjwvc3ZnPg==\" style=\"--smush-placeholder-width: 1024px; --smush-placeholder-aspect-ratio: 1024\/732;\" \/><\/figure>\n\n<\/div><\/div><\/div>\n<\/div>\n<\/div><\/div>\n\n<div class=\"gb-container gb-container-853fcf5f\" id=\"credo\"><div class=\"gb-inside-container\">\n\n<div class=\"gb-headline gb-headline-a2973334\"><span class=\"gb-icon\"><svg aria-hidden=\"true\" role=\"img\" height=\"1em\" width=\"1em\" viewBox=\"0 0 448 512\" xmlns=\"http:\/\/www.w3.org\/2000\/svg\"><path fill=\"currentColor\" d=\"M448 360V24c0-13.3-10.7-24-24-24H96C43 0 0 43 0 96v320c0 53 43 96 96 96h328c13.3 0 24-10.7 24-24v-16c0-7.5-3.5-14.3-8.9-18.7-4.2-15.4-4.2-59.3 0-74.7 5.4-4.3 8.9-11.1 8.9-18.6zM128 134c0-3.3 2.7-6 6-6h212c3.3 0 6 2.7 6 6v20c0 3.3-2.7 6-6 6H134c-3.3 0-6-2.7-6-6v-20zm0 64c0-3.3 2.7-6 6-6h212c3.3 0 6 2.7 6 6v20c0 3.3-2.7 6-6 6H134c-3.3 0-6-2.7-6-6v-20zm253.4 250H96c-17.7 0-32-14.3-32-32 0-17.6 14.4-32 32-32h285.4c-1.9 17.1-1.9 46.9 0 64z\"><\/path><\/svg><\/span><span class=\"gb-headline-text\">Unser Glaubensbekenntnis<\/span><\/div>\n\n\n\n<h2 class=\"gb-headline gb-headline-cf12c986 gb-headline-text\">Unser Credo<\/h2>\n\n\n<div class=\"gb-grid-wrapper gb-grid-wrapper-4b2be3bf\">\n<div class=\"gb-grid-column gb-grid-column-af298794\"><div class=\"gb-container gb-container-af298794\"><div class=\"gb-inside-container\">\n\n<h3 class=\"gb-headline gb-headline-2a4b9ab9 gb-headline-text\">Bibel<\/h3>\n\n\n\n<p>Wir glauben an das inspirierte Wort Gottes, das im Alten und Neuen Testament enthalten ist, unfehlbar in den Originalschriften und wir glauben, dass es die h\u00f6chste und endg\u00fcltige Autorit\u00e4t f\u00fcr Glauben und Leben darstellt.<\/p>\n\n\n\n<h3 class=\"wp-block-heading\">Die heilige Dreifaltigkeit<\/h3>\n\n\n\n<p>Wir glauben an einen Gott, der in drei Personen existiert: Gott der Vater, Gott der Sohn und Gott der Heilige Geist.<\/p>\n\n\n\n<h3 class=\"gb-headline gb-headline-9f79a6c1 gb-headline-text\">Die Menschheit<\/h3>\n\n\n\n<p>Wir glauben, dass die Menschheit gerecht nach dem Bild und Gleichnis Gottes geschaffen wurde, aber durch die S\u00fcnde gefallen ist. Daher sind alle Menschen geistlich tot und brauchen Gottes Errettung durch Bu\u00dfe.<\/p>\n\n\n\n<h3 class=\"gb-headline gb-headline-ca36647e gb-headline-text\">Bu\u00dfe, Wiedergeburt, Heiligung<\/h3>\n\n\n\n<p>Bu0e ist der Akt der R\u00fcckkehr zu Gott und das Verlassen der S\u00fcnde (Markus 1:15; Lukas 13:3; Apostelgeschichte 3:19). Die Wiedergeburt ist die \u00fcbernat\u00fcrliche Ver\u00e4nderung, die Gott als Ergebnis der Reue des Menschen hervorgebracht hat. Heiligung ist der Zustand der S\u00fcndenfreiheit, das Leben gem\u00e4\u00df den Grunds\u00e4tzen der Bibel unter der F\u00fchrung des Heiligen Geistes.<\/p>\n\n\n\n<h3 class=\"gb-headline gb-headline-7d3f98d7 gb-headline-text\">Erl\u00f6sung<\/h3>\n\n\n\n<p>Wir glauben, dass der Tod Christi am Kreuz allen Menschen Erl\u00f6sung gebracht hat, die ihre S\u00fcnden bereuen und ihr Angesicht durch den Glauben an Jesus Christus, ihren Retter und Herrn, zu Gott wenden.<\/p>\n\n\n\n<h3 class=\"gb-headline gb-headline-34e697c2 gb-headline-text\">Wassertaufe<\/h3>\n\n\n\n<p>Die Wassertaufe ist der Akt des Eintauchens in Wasser, der im Namen des Vaters, des Sohnes und des Heiligen Geistes gem\u00e4\u00df dem Gebot Christi durchgef\u00fchrt wird. Obwohl diese Handlung keine Macht hat, die S\u00fcnde wegzuwaschen, repr\u00e4sentiert sie den Tod, das Begr\u00e4bnis und die Auferstehung Christi. Nur Gl\u00e4ubige, die Bu\u00dfe und die Wiedergeburt erfahren haben, kommen f\u00fcr die Wassertaufe in Frage.<\/p>\n\n<\/div><\/div><\/div>\n\n<div class=\"gb-grid-column gb-grid-column-48765e2b\"><div class=\"gb-container gb-container-48765e2b\"><div class=\"gb-inside-container\">\n\n<h3 class=\"gb-headline gb-headline-2ebbcb62 gb-headline-text\">Taufe mit dem Heiligen Geist<\/h3>\n\n\n\n<p>Die Erfahrung der Taufe mit dem Heiligen Geist folgt auf die Heiligung und in den meisten F\u00e4llen auf die Wassertaufe. Es ist die Begabung mit Kraft f\u00fcr Dienst und Rechtschaffenheit. Es ist die F\u00fcllung des durch Bu\u00dfe, Wiedergeburt und Heiligung bereits gereinigten Tempels, es ist eine Gabe Gottes als Antwort auf das Gebet. Die Taufe mit dem Heiligen Geist wird von der Manifestation des Zungenredens begleitet.<\/p>\n\n\n\n<h3 class=\"gb-headline gb-headline-f4f7d8ea gb-headline-text\">Spirituelle Gaben<\/h3>\n\n\n\n<p>Sie wurden der Kirche vom Heiligen Geist geschenkt, um f\u00fcr den Aufbau des Leibes Jesu Christi verwendet zu werden.<\/p>\n\n\n\n<h3 class=\"gb-headline gb-headline-9ec40f62 gb-headline-text\">Frucht des Geistes<\/h3>\n\n\n\n<p>Das geistvolle Leben wird sich durch Liebe, Freude, Frieden, Langmut, Freundlichkeit, Gutes tun, Treue, Sanftmut, Z\u00e4hmung von Begierden manifestieren.<\/p>\n\n\n\n<h3 class=\"gb-headline gb-headline-02577c0a gb-headline-text\">Das letzte Abendmahl<\/h3>\n\n\n\n<p>Es wurde vom Herrn Jesus Christus eingesetzt, um an seinen Tod zu erinnern. Nur wiedergeborene, von S\u00fcnden gereinigte und im Wasser getaufte Christen k\u00f6nnen am Abendmahl teilnehmen.<\/p>\n\n\n\n<h3 class=\"gb-headline gb-headline-2d3d9174 gb-headline-text\">Die Zukunft der Kirche<\/h3>\n\n\n\n<p>Wir glauben an die pers\u00f6nliche und sichtbare Wiederkunft Jesu Christi, an die leibliche Auferstehung der Heiligen zum ewigen Leben in der Gegenwart Gottes und an die leibliche Auferstehung der Ungerechten zum Gericht.<\/p>\n\n<\/div><\/div><\/div>\n<\/div>\n<\/div><\/div>\n\n<div class=\"gb-container gb-container-b52f5e4b\" id=\"vision\"><div class=\"gb-inside-container\">\n\n<div class=\"gb-headline gb-headline-e769d23f\"><span class=\"gb-icon\"><svg aria-hidden=\"true\" role=\"img\" height=\"1em\" width=\"1em\" viewBox=\"0 0 512 512\" xmlns=\"http:\/\/www.w3.org\/2000\/svg\"><path fill=\"currentColor\" d=\"M462.3 62.6C407.5 15.9 326 24.3 275.7 76.2L256 96.5l-19.7-20.3C186.1 24.3 104.5 15.9 49.7 62.6c-62.8 53.6-66.1 149.8-9.9 207.9l193.5 199.8c12.5 12.9 32.8 12.9 45.3 0l193.5-199.8c56.3-58.1 53-154.3-9.8-207.9z\"><\/path><\/svg><\/span><span class=\"gb-headline-text\">Unser Ziel<\/span><\/div>\n\n\n\n<h2 class=\"gb-headline gb-headline-715829dc gb-headline-text\">Unsere Vision<\/h2>\n\n\n<div class=\"gb-grid-wrapper gb-grid-wrapper-c5c20b27\">\n<div class=\"gb-grid-column gb-grid-column-9cffa61e\"><div class=\"gb-container gb-container-9cffa61e\"><div class=\"gb-inside-container\">\n\n<h3 class=\"gb-headline gb-headline-4a28f3cc gb-headline-text\">Evangelisierung<\/h3>\n\n\n\n<p>Die Evangelisierung ist die erste Verantwortung der Kirche des Herrn, die durch den Gro\u00dfen Auftrag, den der Herr Jesus den J\u00fcngern gegeben hat, nachgezeichnet wird. (Matth\u00e4us 28:19)<\/p>\n\n\n\n<p>Die Gottesdienste am Sonntagabend sind besonders auf Evangelisierung ausgerichtet.<\/p>\n\n\n\n<p>Ermutigen Sie jedes Mitglied der Gemeinde, mindestens einer Person von Jesus zu erz\u00e4hlen und ihn in die Gemeinde einzuladen. (Jakobus 5:19, 20; 1. Korinther 9:22, 23).<\/p>\n\n\n\n<p>Evangelisierungen in Rum\u00e4nien &#8211; Wir erw\u00e4gen, eine neue Gemeinde in Rum\u00e4nien zu gr\u00fcnden, in einer Stadt, in der es keine Pfingstgemeinde gibt.<\/p>\n\n\n\n<h3 class=\"gb-headline gb-headline-e129cf39 gb-headline-text\">Das geistliche Wachstum der Gemeinde<\/h3>\n\n\n\n<p>Fokussierung auf Gebete zu jeden Montags-Gottesdienst und das gemeinsame Studieren der Bibel zu unterschiedlichen Themen zu jeden Mittwochs-Gottesdienst.<\/p>\n\n\n\n<p>Mehrmals im Jahr rufen wir die Gemeinde zu Gebets- und Fastenabende auf. <\/p>\n\n<\/div><\/div><\/div>\n\n<div class=\"gb-grid-column gb-grid-column-ab7c1faf\"><div class=\"gb-container gb-container-ab7c1faf\"><div class=\"gb-inside-container\">\n\n<h3 class=\"gb-headline gb-headline-4350716b gb-headline-text\">Die Familie &#8211; Mittelpunkt der Kirche<\/h3>\n\n\n\n<p>Organisation spezieller Treffen mit jungen Familien, um beizustehen und bei Bed\u00fcrfnis Rat geben.<\/p>\n\n\n\n<p>Wir beten jeden Montag in alphabetischer Reihenfolge f\u00fcr die Familien in der Kirche.<\/p>\n\n\n\n<h3 class=\"gb-headline gb-headline-d5238b14 gb-headline-text\">Aktiv in der Kirche mitwirken<\/h3>\n\n\n\n<p>Mit Gottes Wille k\u00f6nnen Mitglieder in der Gemeinde aktiv mithelfen, sei es durch etwaige Aktivit\u00e4ten, wie im Bereich Media, Ordination, Leitung, Kinder-, Jugendbetreuung und Vielen mehr<\/p>\n\n\n\n<h3 class=\"gb-headline gb-headline-1db2ab89 gb-headline-text\">Wachstum<\/h3>\n\n\n\n<p>Mit Gottes Hilfe erw\u00e4gen wir f\u00fcr die Zukunft eine neue Kirche in der Stadt Linz zu er\u00f6ffnen.<\/p>\n\n<\/div><\/div><\/div>\n<\/div>\n<\/div><\/div>","protected":false},"excerpt":{"rendered":"<p>Unser Glaubensbekenntnis Unser Credo Unser Ziel Unsere Vision<\/p>\n","protected":false},"author":1,"featured_media":0,"parent":0,"menu_order":0,"comment_status":"closed","ping_status":"closed","template":"","meta":{"inline_featured_image":false,"footnotes":""},"class_list":["post-45","page","type-page","status-publish"],"yoast_head":"<!-- This site is optimized with the Yoast SEO plugin v25.6 - https:\/\/yoast.com\/wordpress\/plugins\/seo\/ -->\n<title>\u00dcber uns - Hoffnungskirche Speran\u021ba Linz<\/title>\n<meta name=\"robots\" content=\"index, follow, max-snippet:-1, max-image-preview:large, max-video-preview:-1\" \/>\n<link rel=\"canonical\" href=\"https:\/\/www.speranta.at\/de\/ueber-uns\/\" \/>\n<meta property=\"og:locale\" content=\"de_DE\" \/>\n<meta property=\"og:type\" content=\"article\" \/>\n<meta property=\"og:title\" content=\"\u00dcber uns - Hoffnungskirche Speran\u021ba Linz\" \/>\n<meta property=\"og:description\" content=\"Unser Glaubensbekenntnis Unser Credo Unser Ziel Unsere Vision\" \/>\n<meta property=\"og:url\" content=\"https:\/\/www.speranta.at\/de\/ueber-uns\/\" \/>\n<meta property=\"og:site_name\" content=\"Hoffnungskirche Speran\u021ba Linz\" \/>\n<meta property=\"article:publisher\" content=\"https:\/\/www.facebook.com\/sperantalinz\" \/>\n<meta property=\"article:modified_time\" content=\"2023-01-08T10:17:49+00:00\" \/>\n<meta property=\"og:image\" content=\"https:\/\/www.speranta.at\/wp-content\/uploads\/2022\/09\/speranta-adresse.jpg\" \/>\n<meta name=\"twitter:card\" content=\"summary_large_image\" \/>\n<meta name=\"twitter:label1\" content=\"Gesch\u00e4tzte Lesezeit\" \/>\n\t<meta name=\"twitter:data1\" content=\"6\u00a0Minuten\" \/>\n<script type=\"application\/ld+json\" class=\"yoast-schema-graph\">{\"@context\":\"https:\/\/schema.org\",\"@graph\":[{\"@type\":\"WebPage\",\"@id\":\"https:\/\/www.speranta.at\/de\/ueber-uns\/\",\"url\":\"https:\/\/www.speranta.at\/de\/ueber-uns\/\",\"name\":\"\u00dcber uns - Hoffnungskirche Speran\u021ba Linz\",\"isPartOf\":{\"@id\":\"https:\/\/www.speranta.at\/de\/#website\"},\"primaryImageOfPage\":{\"@id\":\"https:\/\/www.speranta.at\/de\/ueber-uns\/#primaryimage\"},\"image\":{\"@id\":\"https:\/\/www.speranta.at\/de\/ueber-uns\/#primaryimage\"},\"thumbnailUrl\":\"https:\/\/www.speranta.at\/wp-content\/uploads\/2022\/09\/speranta-adresse.jpg\",\"datePublished\":\"2022-01-26T13:31:10+00:00\",\"dateModified\":\"2023-01-08T10:17:49+00:00\",\"breadcrumb\":{\"@id\":\"https:\/\/www.speranta.at\/de\/ueber-uns\/#breadcrumb\"},\"inLanguage\":\"de\",\"potentialAction\":[{\"@type\":\"ReadAction\",\"target\":[\"https:\/\/www.speranta.at\/de\/ueber-uns\/\"]}]},{\"@type\":\"ImageObject\",\"inLanguage\":\"de\",\"@id\":\"https:\/\/www.speranta.at\/de\/ueber-uns\/#primaryimage\",\"url\":\"https:\/\/www.speranta.at\/wp-content\/uploads\/2022\/09\/speranta-adresse.jpg\",\"contentUrl\":\"https:\/\/www.speranta.at\/wp-content\/uploads\/2022\/09\/speranta-adresse.jpg\"},{\"@type\":\"BreadcrumbList\",\"@id\":\"https:\/\/www.speranta.at\/de\/ueber-uns\/#breadcrumb\",\"itemListElement\":[{\"@type\":\"ListItem\",\"position\":1,\"name\":\"Startseite\",\"item\":\"https:\/\/www.speranta.at\/de\/\"},{\"@type\":\"ListItem\",\"position\":2,\"name\":\"\u00dcber uns\"}]},{\"@type\":\"WebSite\",\"@id\":\"https:\/\/www.speranta.at\/de\/#website\",\"url\":\"https:\/\/www.speranta.at\/de\/\",\"name\":\"Hoffnungskirche Speran\u021ba Linz\",\"description\":\"\",\"publisher\":{\"@id\":\"https:\/\/www.speranta.at\/de\/#organization\"},\"potentialAction\":[{\"@type\":\"SearchAction\",\"target\":{\"@type\":\"EntryPoint\",\"urlTemplate\":\"https:\/\/www.speranta.at\/de\/?s={search_term_string}\"},\"query-input\":{\"@type\":\"PropertyValueSpecification\",\"valueRequired\":true,\"valueName\":\"search_term_string\"}}],\"inLanguage\":\"de\"},{\"@type\":\"Organization\",\"@id\":\"https:\/\/www.speranta.at\/de\/#organization\",\"name\":\"Hoffnungskirche Speran\u021ba Linz\",\"url\":\"https:\/\/www.speranta.at\/de\/\",\"logo\":{\"@type\":\"ImageObject\",\"inLanguage\":\"de\",\"@id\":\"https:\/\/www.speranta.at\/de\/#\/schema\/logo\/image\/\",\"url\":\"https:\/\/www.speranta.at\/wp-content\/uploads\/2024\/11\/cropped-Logo_HK.png\",\"contentUrl\":\"https:\/\/www.speranta.at\/wp-content\/uploads\/2024\/11\/cropped-Logo_HK.png\",\"width\":885,\"height\":177,\"caption\":\"Hoffnungskirche Speran\u021ba Linz\"},\"image\":{\"@id\":\"https:\/\/www.speranta.at\/de\/#\/schema\/logo\/image\/\"},\"sameAs\":[\"https:\/\/www.facebook.com\/sperantalinz\",\"https:\/\/www.instagram.com\/hopeyouthlinz\/\",\"https:\/\/www.youtube.com\/channel\/UCt2jwqlheXgJTgJpQH-vAEA\"]}]}<\/script>\n<!-- \/ Yoast SEO plugin. -->","yoast_head_json":{"title":"\u00dcber uns - Hoffnungskirche Speran\u021ba Linz","robots":{"index":"index","follow":"follow","max-snippet":"max-snippet:-1","max-image-preview":"max-image-preview:large","max-video-preview":"max-video-preview:-1"},"canonical":"https:\/\/www.speranta.at\/de\/ueber-uns\/","og_locale":"de_DE","og_type":"article","og_title":"\u00dcber uns - Hoffnungskirche Speran\u021ba Linz","og_description":"Unser Glaubensbekenntnis Unser Credo Unser Ziel Unsere Vision","og_url":"https:\/\/www.speranta.at\/de\/ueber-uns\/","og_site_name":"Hoffnungskirche Speran\u021ba Linz","article_publisher":"https:\/\/www.facebook.com\/sperantalinz","article_modified_time":"2023-01-08T10:17:49+00:00","og_image":[{"url":"https:\/\/www.speranta.at\/wp-content\/uploads\/2022\/09\/speranta-adresse.jpg","type":"","width":"","height":""}],"twitter_card":"summary_large_image","twitter_misc":{"Gesch\u00e4tzte Lesezeit":"6\u00a0Minuten"},"schema":{"@context":"https:\/\/schema.org","@graph":[{"@type":"WebPage","@id":"https:\/\/www.speranta.at\/de\/ueber-uns\/","url":"https:\/\/www.speranta.at\/de\/ueber-uns\/","name":"\u00dcber uns - Hoffnungskirche Speran\u021ba Linz","isPartOf":{"@id":"https:\/\/www.speranta.at\/de\/#website"},"primaryImageOfPage":{"@id":"https:\/\/www.speranta.at\/de\/ueber-uns\/#primaryimage"},"image":{"@id":"https:\/\/www.speranta.at\/de\/ueber-uns\/#primaryimage"},"thumbnailUrl":"https:\/\/www.speranta.at\/wp-content\/uploads\/2022\/09\/speranta-adresse.jpg","datePublished":"2022-01-26T13:31:10+00:00","dateModified":"2023-01-08T10:17:49+00:00","breadcrumb":{"@id":"https:\/\/www.speranta.at\/de\/ueber-uns\/#breadcrumb"},"inLanguage":"de","potentialAction":[{"@type":"ReadAction","target":["https:\/\/www.speranta.at\/de\/ueber-uns\/"]}]},{"@type":"ImageObject","inLanguage":"de","@id":"https:\/\/www.speranta.at\/de\/ueber-uns\/#primaryimage","url":"https:\/\/www.speranta.at\/wp-content\/uploads\/2022\/09\/speranta-adresse.jpg","contentUrl":"https:\/\/www.speranta.at\/wp-content\/uploads\/2022\/09\/speranta-adresse.jpg"},{"@type":"BreadcrumbList","@id":"https:\/\/www.speranta.at\/de\/ueber-uns\/#breadcrumb","itemListElement":[{"@type":"ListItem","position":1,"name":"Startseite","item":"https:\/\/www.speranta.at\/de\/"},{"@type":"ListItem","position":2,"name":"\u00dcber uns"}]},{"@type":"WebSite","@id":"https:\/\/www.speranta.at\/de\/#website","url":"https:\/\/www.speranta.at\/de\/","name":"Hoffnungskirche Speran\u021ba Linz","description":"","publisher":{"@id":"https:\/\/www.speranta.at\/de\/#organization"},"potentialAction":[{"@type":"SearchAction","target":{"@type":"EntryPoint","urlTemplate":"https:\/\/www.speranta.at\/de\/?s={search_term_string}"},"query-input":{"@type":"PropertyValueSpecification","valueRequired":true,"valueName":"search_term_string"}}],"inLanguage":"de"},{"@type":"Organization","@id":"https:\/\/www.speranta.at\/de\/#organization","name":"Hoffnungskirche Speran\u021ba Linz","url":"https:\/\/www.speranta.at\/de\/","logo":{"@type":"ImageObject","inLanguage":"de","@id":"https:\/\/www.speranta.at\/de\/#\/schema\/logo\/image\/","url":"https:\/\/www.speranta.at\/wp-content\/uploads\/2024\/11\/cropped-Logo_HK.png","contentUrl":"https:\/\/www.speranta.at\/wp-content\/uploads\/2024\/11\/cropped-Logo_HK.png","width":885,"height":177,"caption":"Hoffnungskirche Speran\u021ba Linz"},"image":{"@id":"https:\/\/www.speranta.at\/de\/#\/schema\/logo\/image\/"},"sameAs":["https:\/\/www.facebook.com\/sperantalinz","https:\/\/www.instagram.com\/hopeyouthlinz\/","https:\/\/www.youtube.com\/channel\/UCt2jwqlheXgJTgJpQH-vAEA"]}]}},"_links":{"self":[{"href":"https:\/\/www.speranta.at\/de\/wp-json\/wp\/v2\/pages\/45"}],"collection":[{"href":"https:\/\/www.speranta.at\/de\/wp-json\/wp\/v2\/pages"}],"about":[{"href":"https:\/\/www.speranta.at\/de\/wp-json\/wp\/v2\/types\/page"}],"author":[{"embeddable":true,"href":"https:\/\/www.speranta.at\/de\/wp-json\/wp\/v2\/users\/1"}],"replies":[{"embeddable":true,"href":"https:\/\/www.speranta.at\/de\/wp-json\/wp\/v2\/comments?post=45"}],"version-history":[{"count":0,"href":"https:\/\/www.speranta.at\/de\/wp-json\/wp\/v2\/pages\/45\/revisions"}],"wp:attachment":[{"href":"https:\/\/www.speranta.at\/de\/wp-json\/wp\/v2\/media?parent=45"}],"curies":[{"name":"wp","href":"https:\/\/api.w.org\/{rel}","templated":true}]}}