{"id":1113,"date":"2022-10-09T10:35:43","date_gmt":"2022-10-09T08:35:43","guid":{"rendered":"https:\/\/www.speranta.test\/?page_id=1113"},"modified":"2023-01-15T09:06:27","modified_gmt":"2023-01-15T08:06:27","slug":"archiv","status":"publish","type":"page","link":"https:\/\/www.speranta.at\/de\/archiv\/","title":{"rendered":"Archiv"},"content":{"rendered":"<div class=\"gb-container gb-container-8c78d1c3\"><div class=\"gb-inside-container\">\n\n<h6 class=\"gb-headline gb-headline-15bd6010 gb-headline-text\">Video<\/h6>\n\n\n\n<h1 class=\"gb-headline gb-headline-7bee114d gb-headline-text\">Archiv<\/h1>\n\n\n\n<p class=\"gb-headline gb-headline-3d7fc892 gb-headline-text\">Hier findest du all unsere archivierten Videos. <\/p>\n\n<\/div><\/div>\n\n<div class=\"gb-container gb-container-53a8f3ce\"><div class=\"gb-inside-container\">\n\n<h2 class=\"gb-headline gb-headline-59644fbf gb-headline-text\">YouTube<\/h2>\n\n\n<div class=\"epyt-gallery \" data-currpage=\"1\" id=\"epyt_gallery_25603\"><figure class=\"wp-block-embed wp-block-embed-youtube is-type-video is-provider-youtube epyt-figure\"><div class=\"wp-block-embed__wrapper\"><div class=\"epyt-video-wrapper\"><div  id=\"_ytid_36819\"  width=\"1200\" height=\"675\"  data-origwidth=\"1200\" data-origheight=\"675\" data-facadesrc=\"https:\/\/www.youtube.com\/embed\/cwzBsASo90I?enablejsapi=1&#038;autoplay=0&#038;cc_load_policy=0&#038;cc_lang_pref=&#038;iv_load_policy=1&#038;loop=0&#038;rel=0&#038;fs=1&#038;playsinline=0&#038;autohide=2&#038;hl=de_DE&#038;theme=dark&#038;color=red&#038;controls=1&#038;disablekb=0&#038;\" class=\"__youtube_prefs__ epyt-facade  no-lazyload\" data-epytgalleryid=\"epyt_gallery_25603\"  data-epautoplay=\"1\" ><img decoding=\"async\" data-spai-excluded=\"true\" class=\"epyt-facade-poster skip-lazy\" loading=\"lazy\"  alt=\"YouTube player\"  src=\"https:\/\/i.ytimg.com\/vi\/cwzBsASo90I\/maxresdefault.jpg\"  \/><button class=\"epyt-facade-play\" aria-label=\"Play\"><svg data-no-lazy=\"1\" height=\"100%\" version=\"1.1\" viewBox=\"0 0 68 48\" width=\"100%\"><path class=\"ytp-large-play-button-bg\" d=\"M66.52,7.74c-0.78-2.93-2.49-5.41-5.42-6.19C55.79,.13,34,0,34,0S12.21,.13,6.9,1.55 C3.97,2.33,2.27,4.81,1.48,7.74C0.06,13.05,0,24,0,24s0.06,10.95,1.48,16.26c0.78,2.93,2.49,5.41,5.42,6.19 C12.21,47.87,34,48,34,48s21.79-0.13,27.1-1.55c2.93-0.78,4.64-3.26,5.42-6.19C67.94,34.95,68,24,68,24S67.94,13.05,66.52,7.74z\" fill=\"#f00\"><\/path><path d=\"M 45,24 27,14 27,34\" fill=\"#fff\"><\/path><\/svg><\/button><\/div><\/div><\/div><\/figure><div class=\"epyt-gallery-list epyt-gallery-style-grid\"><div class=\"epyt-pagination \"><div tabindex=\"0\" role=\"button\" class=\"epyt-pagebutton epyt-prev  hide \" data-playlistid=\"UUt2jwqlheXgJTgJpQH-vAEA\" data-pagesize=\"6\" data-pagetoken=\"\" data-style=\"grid\" data-epcolumns=\"3\" data-showtitle=\"1\" data-showpaging=\"1\" data-autonext=\"0\" data-hidethumbimg=\"0\" data-thumbplay=\"1\"><div class=\"epyt-arrow\">&laquo;<\/div> <div><\/div><\/div><div class=\"epyt-pagenumbers \"><div class=\"epyt-current\">1<\/div><div class=\"epyt-pageseparator\"> \/ <\/div><div class=\"epyt-totalpages\">125<\/div><\/div><div tabindex=\"0\" role=\"button\" class=\"epyt-pagebutton epyt-next\" data-playlistid=\"UUt2jwqlheXgJTgJpQH-vAEA\" data-pagesize=\"6\" data-pagetoken=\"EAAaHlBUOkNBWWlFRFl6TUVKRE16RTFRakV6UTBFeE1Eaw\" data-style=\"grid\" data-epcolumns=\"3\" data-showtitle=\"1\" data-showpaging=\"1\" data-autonext=\"0\" data-hidethumbimg=\"0\" data-thumbplay=\"1\"><div><\/div> <div class=\"epyt-arrow\">&raquo;<\/div><\/div><div class=\"epyt-loader\"><img decoding=\"async\" alt=\"loading\" width=\"16\" height=\"11\" data-src=\"https:\/\/www.speranta.at\/wp-content\/plugins\/youtube-embed-plus-pro\/images\/gallery-page-loader.gif\" src=\"data:image\/svg+xml;base64,PHN2ZyB3aWR0aD0iMSIgaGVpZ2h0PSIxIiB4bWxucz0iaHR0cDovL3d3dy53My5vcmcvMjAwMC9zdmciPjwvc3ZnPg==\" class=\"lazyload\" style=\"--smush-placeholder-width: 16px; --smush-placeholder-aspect-ratio: 16\/11;\"><\/div><\/div><div class=\"epyt-gallery-allthumbs  epyt-cols-3 \"><div tabindex=\"0\" role=\"button\" data-videoid=\"cwzBsASo90I\" class=\"epyt-gallery-thumb \" ><div class=\"epyt-gallery-img-box\"><div class=\"epyt-gallery-img lazyload\" style=\"background-image:inherit\" data-bg-image=\"url(https:\/\/i.ytimg.com\/vi\/cwzBsASo90I\/hqdefault.jpg)\"><div class=\"epyt-gallery-playhover\"><img decoding=\"async\" alt=\"play\" class=\"epyt-play-img\" width=\"30\" height=\"23\" src=\"https:\/\/www.speranta.at\/wp-content\/plugins\/youtube-embed-plus-pro\/images\/playhover.png\" data-no-lazy=\"1\" data-skipgform_ajax_framebjll=\"\" \/><div class=\"epyt-gallery-playcrutch\"><\/div><\/div><\/div><\/div><div class=\"epyt-gallery-title\">03 Mai 2026 | Seara | Chemarea bisericii la recuno\u0219tin\u021b\u00e2 | Nicu Coste<\/div><\/div><div tabindex=\"0\" role=\"button\" data-videoid=\"FFzeaHHxIes\" class=\"epyt-gallery-thumb \" ><div class=\"epyt-gallery-img-box\"><div class=\"epyt-gallery-img lazyload\" style=\"background-image:inherit\" data-bg-image=\"url(https:\/\/i.ytimg.com\/vi\/FFzeaHHxIes\/hqdefault.jpg)\"><div class=\"epyt-gallery-playhover\"><img decoding=\"async\" alt=\"play\" class=\"epyt-play-img\" width=\"30\" height=\"23\" src=\"https:\/\/www.speranta.at\/wp-content\/plugins\/youtube-embed-plus-pro\/images\/playhover.png\" data-no-lazy=\"1\" data-skipgform_ajax_framebjll=\"\" \/><div class=\"epyt-gallery-playcrutch\"><\/div><\/div><\/div><\/div><div class=\"epyt-gallery-title\">03 Mai 2026 | Diminea\u0163\u0103 Cina | La cina Domnului &#8211; iubit, iertat, primit | Abel Homo\u015fdean<\/div><\/div><div tabindex=\"0\" role=\"button\" data-videoid=\"1OOzxDqIcwc\" class=\"epyt-gallery-thumb \" ><div class=\"epyt-gallery-img-box\"><div class=\"epyt-gallery-img lazyload\" style=\"background-image:inherit\" data-bg-image=\"url(https:\/\/i.ytimg.com\/vi\/1OOzxDqIcwc\/hqdefault.jpg)\"><div class=\"epyt-gallery-playhover\"><img decoding=\"async\" alt=\"play\" class=\"epyt-play-img\" width=\"30\" height=\"23\" src=\"https:\/\/www.speranta.at\/wp-content\/plugins\/youtube-embed-plus-pro\/images\/playhover.png\" data-no-lazy=\"1\" data-skipgform_ajax_framebjll=\"\" \/><div class=\"epyt-gallery-playcrutch\"><\/div><\/div><\/div><\/div><div class=\"epyt-gallery-title\">R\u0103m\u00e2i credincios! Dumnezeu este \u00een control! | Speran\u0163a Linz<\/div><\/div><div class=\"epyt-gallery-rowbreak\"><\/div><div tabindex=\"0\" role=\"button\" data-videoid=\"0xaoJD8Nc70\" class=\"epyt-gallery-thumb \" ><div class=\"epyt-gallery-img-box\"><div class=\"epyt-gallery-img lazyload\" style=\"background-image:inherit\" data-bg-image=\"url(https:\/\/i.ytimg.com\/vi\/0xaoJD8Nc70\/hqdefault.jpg)\"><div class=\"epyt-gallery-playhover\"><img decoding=\"async\" alt=\"play\" class=\"epyt-play-img\" width=\"30\" height=\"23\" src=\"https:\/\/www.speranta.at\/wp-content\/plugins\/youtube-embed-plus-pro\/images\/playhover.png\" data-no-lazy=\"1\" data-skipgform_ajax_framebjll=\"\" \/><div class=\"epyt-gallery-playcrutch\"><\/div><\/div><\/div><\/div><div class=\"epyt-gallery-title\">26 Apr 2026 | Seara | Mireasa lui Isus trebuie s\u0103 se potriveasc\u0103 cu Hristos | Felix Saulea<\/div><\/div><div tabindex=\"0\" role=\"button\" data-videoid=\"okhA4Z6CfuA\" class=\"epyt-gallery-thumb \" ><div class=\"epyt-gallery-img-box\"><div class=\"epyt-gallery-img lazyload\" style=\"background-image:inherit\" data-bg-image=\"url(https:\/\/i.ytimg.com\/vi\/okhA4Z6CfuA\/hqdefault.jpg)\"><div class=\"epyt-gallery-playhover\"><img decoding=\"async\" alt=\"play\" class=\"epyt-play-img\" width=\"30\" height=\"23\" src=\"https:\/\/www.speranta.at\/wp-content\/plugins\/youtube-embed-plus-pro\/images\/playhover.png\" data-no-lazy=\"1\" data-skipgform_ajax_framebjll=\"\" \/><div class=\"epyt-gallery-playcrutch\"><\/div><\/div><\/div><\/div><div class=\"epyt-gallery-title\">26 Apr 2026 | Diminea\u0163a | Emanuel Ardelean &amp; Gabi Aranyasz<\/div><\/div><div tabindex=\"0\" role=\"button\" data-videoid=\"Ybf1DpThGlg\" class=\"epyt-gallery-thumb \" ><div class=\"epyt-gallery-img-box\"><div class=\"epyt-gallery-img lazyload\" style=\"background-image:inherit\" data-bg-image=\"url(https:\/\/i.ytimg.com\/vi\/Ybf1DpThGlg\/hqdefault.jpg)\"><div class=\"epyt-gallery-playhover\"><img decoding=\"async\" alt=\"play\" class=\"epyt-play-img\" width=\"30\" height=\"23\" src=\"https:\/\/www.speranta.at\/wp-content\/plugins\/youtube-embed-plus-pro\/images\/playhover.png\" data-no-lazy=\"1\" data-skipgform_ajax_framebjll=\"\" \/><div class=\"epyt-gallery-playcrutch\"><\/div><\/div><\/div><\/div><div class=\"epyt-gallery-title\">19 Apr 2026 | Seara | O Ve\u0219nicie sigur\u0103 urm\u00e2nd modelul lui Dumnezeu | Ionel Doci<\/div><\/div><div class=\"epyt-gallery-rowbreak\"><\/div><div class=\"epyt-gallery-clear\"><\/div><\/div><div class=\"epyt-pagination \"><div tabindex=\"0\" role=\"button\" class=\"epyt-pagebutton epyt-prev  hide \" data-playlistid=\"UUt2jwqlheXgJTgJpQH-vAEA\" data-pagesize=\"6\" data-pagetoken=\"\" data-style=\"grid\" data-epcolumns=\"3\" data-showtitle=\"1\" data-showpaging=\"1\" data-autonext=\"0\" data-hidethumbimg=\"0\" data-thumbplay=\"1\"><div class=\"epyt-arrow\">&laquo;<\/div> <div><\/div><\/div><div class=\"epyt-pagenumbers \"><div class=\"epyt-current\">1<\/div><div class=\"epyt-pageseparator\"> \/ <\/div><div class=\"epyt-totalpages\">125<\/div><\/div><div tabindex=\"0\" role=\"button\" class=\"epyt-pagebutton epyt-next\" data-playlistid=\"UUt2jwqlheXgJTgJpQH-vAEA\" data-pagesize=\"6\" data-pagetoken=\"EAAaHlBUOkNBWWlFRFl6TUVKRE16RTFRakV6UTBFeE1Eaw\" data-style=\"grid\" data-epcolumns=\"3\" data-showtitle=\"1\" data-showpaging=\"1\" data-autonext=\"0\" data-hidethumbimg=\"0\" data-thumbplay=\"1\"><div><\/div> <div class=\"epyt-arrow\">&raquo;<\/div><\/div><div class=\"epyt-loader\"><img decoding=\"async\" alt=\"loading\" width=\"16\" height=\"11\" data-src=\"https:\/\/www.speranta.at\/wp-content\/plugins\/youtube-embed-plus-pro\/images\/gallery-page-loader.gif\" src=\"data:image\/svg+xml;base64,PHN2ZyB3aWR0aD0iMSIgaGVpZ2h0PSIxIiB4bWxucz0iaHR0cDovL3d3dy53My5vcmcvMjAwMC9zdmciPjwvc3ZnPg==\" class=\"lazyload\" style=\"--smush-placeholder-width: 16px; --smush-placeholder-aspect-ratio: 16\/11;\"><\/div><\/div><\/div><\/div>\n<\/div><\/div>\n\n<div class=\"gb-container gb-container-ea06d2fd\"><div class=\"gb-inside-container\">\n\n<h2 class=\"gb-headline gb-headline-543b2da2 gb-headline-text\">Alte Livestream Plattform<\/h2>\n\n\n\n<iframe src=\"https:\/\/archives.bisericilive.com\/gallery?cid=sperantaat\" width=\"100%\" height=\"600\" frameborder=\"0\" scrolling=\"auto\" allowfullscreen=\"allowfullscreen\" loading=\"lazy\"><\/iframe>\n\n<\/div><\/div>","protected":false},"excerpt":{"rendered":"<p>Video Archiv Hier findest du all unsere archivierten Videos. YouTube Alte Livestream Plattform<\/p>\n","protected":false},"author":1,"featured_media":0,"parent":0,"menu_order":0,"comment_status":"closed","ping_status":"closed","template":"","meta":{"inline_featured_image":false,"footnotes":""},"class_list":["post-1113","page","type-page","status-publish"],"yoast_head":"<!-- This site is optimized with the Yoast SEO plugin v25.6 - https:\/\/yoast.com\/wordpress\/plugins\/seo\/ -->\n<title>Archiv - Hoffnungskirche Speran\u021ba Linz<\/title>\n<meta name=\"robots\" content=\"index, follow, max-snippet:-1, max-image-preview:large, max-video-preview:-1\" \/>\n<link rel=\"canonical\" href=\"https:\/\/www.speranta.at\/de\/archiv\/\" \/>\n<meta property=\"og:locale\" content=\"de_DE\" \/>\n<meta property=\"og:type\" content=\"article\" \/>\n<meta property=\"og:title\" content=\"Archiv - Hoffnungskirche Speran\u021ba Linz\" \/>\n<meta property=\"og:description\" content=\"Video Archiv Hier findest du all unsere archivierten Videos. YouTube Alte Livestream Plattform\" \/>\n<meta property=\"og:url\" content=\"https:\/\/www.speranta.at\/de\/archiv\/\" \/>\n<meta property=\"og:site_name\" content=\"Hoffnungskirche Speran\u021ba Linz\" \/>\n<meta property=\"article:publisher\" content=\"https:\/\/www.facebook.com\/sperantalinz\" \/>\n<meta property=\"article:modified_time\" content=\"2023-01-15T08:06:27+00:00\" \/>\n<meta property=\"og:image\" content=\"https:\/\/www.speranta.at\/wp-content\/uploads\/2023\/01\/opengraph_speranta.png\" \/>\n\t<meta property=\"og:image:width\" content=\"1200\" \/>\n\t<meta property=\"og:image:height\" content=\"630\" \/>\n\t<meta property=\"og:image:type\" content=\"image\/png\" \/>\n<meta name=\"twitter:card\" content=\"summary_large_image\" \/>\n<meta name=\"twitter:label1\" content=\"Gesch\u00e4tzte Lesezeit\" \/>\n\t<meta name=\"twitter:data1\" content=\"1\u00a0Minute\" \/>\n<script type=\"application\/ld+json\" class=\"yoast-schema-graph\">{\"@context\":\"https:\/\/schema.org\",\"@graph\":[{\"@type\":\"WebPage\",\"@id\":\"https:\/\/www.speranta.at\/de\/archiv\/\",\"url\":\"https:\/\/www.speranta.at\/de\/archiv\/\",\"name\":\"Archiv - Hoffnungskirche Speran\u021ba Linz\",\"isPartOf\":{\"@id\":\"https:\/\/www.speranta.at\/de\/#website\"},\"datePublished\":\"2022-10-09T08:35:43+00:00\",\"dateModified\":\"2023-01-15T08:06:27+00:00\",\"breadcrumb\":{\"@id\":\"https:\/\/www.speranta.at\/de\/archiv\/#breadcrumb\"},\"inLanguage\":\"de\",\"potentialAction\":[{\"@type\":\"ReadAction\",\"target\":[\"https:\/\/www.speranta.at\/de\/archiv\/\"]}]},{\"@type\":\"BreadcrumbList\",\"@id\":\"https:\/\/www.speranta.at\/de\/archiv\/#breadcrumb\",\"itemListElement\":[{\"@type\":\"ListItem\",\"position\":1,\"name\":\"Startseite\",\"item\":\"https:\/\/www.speranta.at\/de\/\"},{\"@type\":\"ListItem\",\"position\":2,\"name\":\"Archiv\"}]},{\"@type\":\"WebSite\",\"@id\":\"https:\/\/www.speranta.at\/de\/#website\",\"url\":\"https:\/\/www.speranta.at\/de\/\",\"name\":\"Hoffnungskirche Speran\u021ba Linz\",\"description\":\"\",\"publisher\":{\"@id\":\"https:\/\/www.speranta.at\/de\/#organization\"},\"potentialAction\":[{\"@type\":\"SearchAction\",\"target\":{\"@type\":\"EntryPoint\",\"urlTemplate\":\"https:\/\/www.speranta.at\/de\/?s={search_term_string}\"},\"query-input\":{\"@type\":\"PropertyValueSpecification\",\"valueRequired\":true,\"valueName\":\"search_term_string\"}}],\"inLanguage\":\"de\"},{\"@type\":\"Organization\",\"@id\":\"https:\/\/www.speranta.at\/de\/#organization\",\"name\":\"Hoffnungskirche Speran\u021ba Linz\",\"url\":\"https:\/\/www.speranta.at\/de\/\",\"logo\":{\"@type\":\"ImageObject\",\"inLanguage\":\"de\",\"@id\":\"https:\/\/www.speranta.at\/de\/#\/schema\/logo\/image\/\",\"url\":\"https:\/\/www.speranta.at\/wp-content\/uploads\/2024\/11\/cropped-Logo_HK.png\",\"contentUrl\":\"https:\/\/www.speranta.at\/wp-content\/uploads\/2024\/11\/cropped-Logo_HK.png\",\"width\":885,\"height\":177,\"caption\":\"Hoffnungskirche Speran\u021ba Linz\"},\"image\":{\"@id\":\"https:\/\/www.speranta.at\/de\/#\/schema\/logo\/image\/\"},\"sameAs\":[\"https:\/\/www.facebook.com\/sperantalinz\",\"https:\/\/www.instagram.com\/hopeyouthlinz\/\",\"https:\/\/www.youtube.com\/channel\/UCt2jwqlheXgJTgJpQH-vAEA\"]}]}<\/script>\n<!-- \/ Yoast SEO plugin. -->","yoast_head_json":{"title":"Archiv - Hoffnungskirche Speran\u021ba Linz","robots":{"index":"index","follow":"follow","max-snippet":"max-snippet:-1","max-image-preview":"max-image-preview:large","max-video-preview":"max-video-preview:-1"},"canonical":"https:\/\/www.speranta.at\/de\/archiv\/","og_locale":"de_DE","og_type":"article","og_title":"Archiv - Hoffnungskirche Speran\u021ba Linz","og_description":"Video Archiv Hier findest du all unsere archivierten Videos. YouTube Alte Livestream Plattform","og_url":"https:\/\/www.speranta.at\/de\/archiv\/","og_site_name":"Hoffnungskirche Speran\u021ba Linz","article_publisher":"https:\/\/www.facebook.com\/sperantalinz","article_modified_time":"2023-01-15T08:06:27+00:00","og_image":[{"width":1200,"height":630,"url":"https:\/\/www.speranta.at\/wp-content\/uploads\/2023\/01\/opengraph_speranta.png","type":"image\/png"}],"twitter_card":"summary_large_image","twitter_misc":{"Gesch\u00e4tzte Lesezeit":"1\u00a0Minute"},"schema":{"@context":"https:\/\/schema.org","@graph":[{"@type":"WebPage","@id":"https:\/\/www.speranta.at\/de\/archiv\/","url":"https:\/\/www.speranta.at\/de\/archiv\/","name":"Archiv - Hoffnungskirche Speran\u021ba Linz","isPartOf":{"@id":"https:\/\/www.speranta.at\/de\/#website"},"datePublished":"2022-10-09T08:35:43+00:00","dateModified":"2023-01-15T08:06:27+00:00","breadcrumb":{"@id":"https:\/\/www.speranta.at\/de\/archiv\/#breadcrumb"},"inLanguage":"de","potentialAction":[{"@type":"ReadAction","target":["https:\/\/www.speranta.at\/de\/archiv\/"]}]},{"@type":"BreadcrumbList","@id":"https:\/\/www.speranta.at\/de\/archiv\/#breadcrumb","itemListElement":[{"@type":"ListItem","position":1,"name":"Startseite","item":"https:\/\/www.speranta.at\/de\/"},{"@type":"ListItem","position":2,"name":"Archiv"}]},{"@type":"WebSite","@id":"https:\/\/www.speranta.at\/de\/#website","url":"https:\/\/www.speranta.at\/de\/","name":"Hoffnungskirche Speran\u021ba Linz","description":"","publisher":{"@id":"https:\/\/www.speranta.at\/de\/#organization"},"potentialAction":[{"@type":"SearchAction","target":{"@type":"EntryPoint","urlTemplate":"https:\/\/www.speranta.at\/de\/?s={search_term_string}"},"query-input":{"@type":"PropertyValueSpecification","valueRequired":true,"valueName":"search_term_string"}}],"inLanguage":"de"},{"@type":"Organization","@id":"https:\/\/www.speranta.at\/de\/#organization","name":"Hoffnungskirche Speran\u021ba Linz","url":"https:\/\/www.speranta.at\/de\/","logo":{"@type":"ImageObject","inLanguage":"de","@id":"https:\/\/www.speranta.at\/de\/#\/schema\/logo\/image\/","url":"https:\/\/www.speranta.at\/wp-content\/uploads\/2024\/11\/cropped-Logo_HK.png","contentUrl":"https:\/\/www.speranta.at\/wp-content\/uploads\/2024\/11\/cropped-Logo_HK.png","width":885,"height":177,"caption":"Hoffnungskirche Speran\u021ba Linz"},"image":{"@id":"https:\/\/www.speranta.at\/de\/#\/schema\/logo\/image\/"},"sameAs":["https:\/\/www.facebook.com\/sperantalinz","https:\/\/www.instagram.com\/hopeyouthlinz\/","https:\/\/www.youtube.com\/channel\/UCt2jwqlheXgJTgJpQH-vAEA"]}]}},"_links":{"self":[{"href":"https:\/\/www.speranta.at\/de\/wp-json\/wp\/v2\/pages\/1113"}],"collection":[{"href":"https:\/\/www.speranta.at\/de\/wp-json\/wp\/v2\/pages"}],"about":[{"href":"https:\/\/www.speranta.at\/de\/wp-json\/wp\/v2\/types\/page"}],"author":[{"embeddable":true,"href":"https:\/\/www.speranta.at\/de\/wp-json\/wp\/v2\/users\/1"}],"replies":[{"embeddable":true,"href":"https:\/\/www.speranta.at\/de\/wp-json\/wp\/v2\/comments?post=1113"}],"version-history":[{"count":0,"href":"https:\/\/www.speranta.at\/de\/wp-json\/wp\/v2\/pages\/1113\/revisions"}],"wp:attachment":[{"href":"https:\/\/www.speranta.at\/de\/wp-json\/wp\/v2\/media?parent=1113"}],"curies":[{"name":"wp","href":"https:\/\/api.w.org\/{rel}","templated":true}]}}